{"id":610,"date":"2023-02-06T12:22:09","date_gmt":"2023-02-06T12:22:09","guid":{"rendered":"https:\/\/viajesmayores.moralzarzal.es\/?page_id=610"},"modified":"2024-02-06T13:00:54","modified_gmt":"2024-02-06T13:00:54","slug":"viaje-cultural-a-valencia","status":"publish","type":"page","link":"https:\/\/viajesmayores.moralzarzal.es\/index.php\/viaje-cultural-a-valencia\/","title":{"rendered":"Viaje Cultural a Valencia"},"content":{"rendered":"<p>[et_pb_section fb_built=\u00bb1&#8243; admin_label=\u00bbsection\u00bb _builder_version=\u00bb4.16&#8243; global_colors_info=\u00bb{}\u00bb][et_pb_row admin_label=\u00bbrow\u00bb _builder_version=\u00bb4.16&#8243; background_size=\u00bbinitial\u00bb background_position=\u00bbtop_left\u00bb background_repeat=\u00bbrepeat\u00bb global_colors_info=\u00bb{}\u00bb][et_pb_column type=\u00bb4_4&#8243; _builder_version=\u00bb4.16&#8243; custom_padding=\u00bb|||\u00bb global_colors_info=\u00bb{}\u00bb custom_padding__hover=\u00bb|||\u00bb][et_pb_image src=\u00bbhttps:\/\/viajesmayores.moralzarzal.es\/wp-content\/uploads\/2024\/02\/Valencia-LOceanografic2.jpg\u00bb alt=\u00bbImagen a\u00e9rea de Benidorm de noche\u00bb title_text=\u00bbValencia-L&#8217;Oceanogr\u00e0fic2&#8243; align=\u00bbcenter\u00bb force_fullwidth=\u00bbon\u00bb align_tablet=\u00bbcenter\u00bb align_phone=\u00bb\u00bb align_last_edited=\u00bbon|desktop\u00bb admin_label=\u00bbImagen Benidorm\u00bb _builder_version=\u00bb4.20.4&#8243; animation_style=\u00bbfade\u00bb animation_duration=\u00bb500ms\u00bb hover_enabled=\u00bb0&#8243; animation=\u00bbfade_in\u00bb sticky=\u00bboff\u00bb use_border_color=\u00bboff\u00bb border_color=\u00bb#ffffff\u00bb border_style=\u00bbsolid\u00bb always_center_on_mobile=\u00bbon\u00bb global_colors_info=\u00bb{}\u00bb sticky_enabled=\u00bb0&#8243;] [\/et_pb_image][\/et_pb_column][\/et_pb_row][et_pb_row admin_label=\u00bbrow\u00bb _builder_version=\u00bb4.16&#8243; background_size=\u00bbinitial\u00bb background_position=\u00bbtop_left\u00bb background_repeat=\u00bbrepeat\u00bb global_colors_info=\u00bb{}\u00bb][et_pb_column type=\u00bb4_4&#8243; _builder_version=\u00bb4.16&#8243; custom_padding=\u00bb|||\u00bb global_colors_info=\u00bb{}\u00bb custom_padding__hover=\u00bb|||\u00bb][et_pb_text admin_label=\u00bbTitulo Viaje Bilbao\u00bb _builder_version=\u00bb4.17.4&#8243; background_size=\u00bbinitial\u00bb background_position=\u00bbtop_left\u00bb background_repeat=\u00bbrepeat\u00bb use_border_color=\u00bboff\u00bb border_color=\u00bb#ffffff\u00bb border_style=\u00bbsolid\u00bb global_colors_info=\u00bb{}\u00bb]<\/p>\n<h2><strong>VIAJE CULTURAL A VALENCIA<\/strong><\/h2>\n<p><b>VALENCIA<\/b><b>, MUSEO <\/b><b>LAS ARTES Y LAS CIENCIAS, MUSEO FALLERO, PALACIO DUCAL DE GANDIA, MONASTERIO DE EL PUIG Y ALCAL\u00c1 DEL J\u00daCAR (ALBACETE)<\/b><\/p>\n<p>&nbsp;<\/p>\n<h4>Del 6 al 9 de JUNIO<\/h4>\n<p>[\/et_pb_text][et_pb_divider color=\u00bb#ffffff\u00bb disabled_on=\u00bbon|on|off\u00bb admin_label=\u00bbSeparador\u00bb _builder_version=\u00bb4.16&#8243; height=\u00bb2px\u00bb hide_on_mobile=\u00bbon\u00bb global_colors_info=\u00bb{}\u00bb] [\/et_pb_divider][et_pb_text admin_label=\u00bbPrograma Viaje \u00bb _builder_version=\u00bb4.17.4&#8243; background_size=\u00bbinitial\u00bb background_position=\u00bbtop_left\u00bb background_repeat=\u00bbrepeat\u00bb use_border_color=\u00bboff\u00bb border_color=\u00bb#ffffff\u00bb border_style=\u00bbsolid\u00bb global_colors_info=\u00bb{}\u00bb]<\/p>\n<p><u><b>PRIMER D\u00cdA:<\/b><\/u><\/p>\n<p>07:30 h: Salida en autob\u00fas gran turismo con parada para desayuno (no incluido).<\/p>\n<p>13:00 h: Llegada al <b>Hotel <\/b><b>Valhotel<\/b><b> Residencia El Puig<\/b>. Reparto de habitaciones.<\/p>\n<p>14:00 h: Comida (men\u00fa).<\/p>\n<p>16:00 h: <b>Visita guiada al REAL MONASTERIO DE EL PUIG DE SANTA MARIA (entrada incluida), <\/b>dedicado a la Virgen, patrona de Valencia. Edificio renacentista de aire Herreriano, con cuatro torres como elementos defensivos. En su interior, se pueden visitar los claustros, el sal\u00f3n Real -de uso exclusivo de los monarcas espa\u00f1oles en sus visitas a Valencia-, el sal\u00f3n G\u00f3tico de Jaume I -donde se puede admirar la reproducci\u00f3n de la espada del Rey-, el Sal\u00f3n de la Cer\u00e1mica, con numerosas piezas de cer\u00e1mica romanas e \u00edberas, entre otras.<\/p>\n<p>17:45 h: <b>Visita libre del MUSEO FALLERO (entrada incluida). <\/b>La exposici\u00f3n cuenta con una colecci\u00f3n permanente: mu\u00f1ecos indultados grandes e infantiles, carteles anunciadores de Fallas, retratos de las Falleras Mayores de Val\u00e8ncia y recompensas e insignias de comisiones falleras.<\/p>\n<p>21:00 h: Cena (buffet).<\/p>\n<p><u><b><\/b><\/u><\/p>\n<p><u><b>SEGUNDO DIA:<\/b><\/u><\/p>\n<p>08:30 h. Desayuno (buffet).<\/p>\n<p>10:00 h: Visita, acompa\u00f1ados por un <b>gu\u00eda oficial<\/b>, al casco hist\u00f3rico de <b>VALENCIA<\/b>, visitando los principales monumentos: Torres de Serrano, Plaza de la Virgen, Palacio de la Generalitat, Bas\u00edlica, Catedral (exterior), Plaza de Santa Catalina, Mercado Central y Lonja de la Seda (Patrimonio de la Humanidad). Despu\u00e9s, tiempo libre.<\/p>\n<p>14:00 h: Comida en restaurante (buffet).<\/p>\n<p>17:15 h: <b>Visita con gu\u00eda oficial <\/b>al <b>PALACIO DUCAL <\/b>de Gand\u00eda <b>(entrada incluida). <\/b>Declarado Bien de Inter\u00e9s Cultural. Casa natalicia de San Francisco de Borja, IV duque de Gand\u00eda. Su interior acoge un variado muestrario de estilos arquitect\u00f3nicos, del primitivo palacio g\u00f3tico, aportaciones renacentistas, ampliaciones y transformaciones barrocas y finalmente reconstrucciones neog\u00f3ticas. Despu\u00e9s, tiempo libre.<\/p>\n<p>21:00 h: Cena (buffet).<\/p>\n<p><u><b><\/b><\/u><\/p>\n<p><u><b>TERCER D\u00cdA:<\/b><\/u><\/p>\n<p>08:00 h: Desayuno (buffet).<\/p>\n<p>10:00 h: Visita al <b>OCEANOGR\u00c1FICO<\/b>, el mayor parque marino de Europa, donde todos los ecosistemas marinos est\u00e1n representados a trav\u00e9s de singulares y divertidas especies, entre las que destacan la \u201cbeluga\u201d o ballena blanca, los leones marinos, los ping\u00fcinos de Humboldt y distintas especies de tiburones, entre otros. Tambi\u00e9n podr\u00e1n conocer y disfrutar del <b>Museo de las Ciencias Pr\u00edncipe Felipe <\/b>y de una proyecci\u00f3n en formato IMAX en el <b>Hemisf\u00e9ric<\/b> (sujeta a disponibilidad).<\/p>\n<p>15:00 h: Comida (buffet).<\/p>\n<p>17:30 h: Tiempo para seguir disfrutando de Valencia, visitando una de sus iglesias m\u00e1s ic\u00f3nicas<b>; San Nicol\u00e1s de Bari <\/b>y San Pedro M\u00e1rtir, conocida como la <b>Capilla Sixtina de Valencia<\/b>. Despu\u00e9s, tiempo libre.<\/p>\n<p>21.30 h: Cena (buffet).<\/p>\n<p><u><b><\/b><\/u><\/p>\n<p><u><b>CUARTO D\u00cdA:<\/b><\/u><\/p>\n<p>08:00 h: Desayuno (buffet) y desalojo de las habitaciones.<\/p>\n<p>11.00 h: Visita, acompa\u00f1ados por un gu\u00eda oficial, a <b>ALCAL\u00c1 DEL J\u00daCAR<\/b>. Recorreremos: Casco hist\u00f3rico, Castillo de Alcal\u00e1 de J\u00facar, Cuevas del Diablo, Plaza de Toros, iglesia de San Andr\u00e9s, etc\u00e9tera. Despu\u00e9s, tiempo libre.<\/p>\n<p>15:00 h: Comida (men\u00fa).<\/p>\n<p>16:30 h: Salida hacia Moralzarzal.<\/p>\n<p>20.00 h: Hora aproximada de llegada.<\/p>\n<p>[\/et_pb_text][\/et_pb_column][\/et_pb_row][et_pb_row column_structure=\u00bb1_3,1_3,1_3&#8243; admin_label=\u00bbFila\u00bb _builder_version=\u00bb4.16&#8243; background_size=\u00bbinitial\u00bb background_position=\u00bbtop_left\u00bb background_repeat=\u00bbrepeat\u00bb global_colors_info=\u00bb{}\u00bb][et_pb_column type=\u00bb1_3&#8243; _builder_version=\u00bb4.16&#8243; custom_padding=\u00bb|||\u00bb global_colors_info=\u00bb{}\u00bb custom_padding__hover=\u00bb|||\u00bb][et_pb_text admin_label=\u00bbPrecio Viaje \u00bb _builder_version=\u00bb4.17.4&#8243; text_text_color=\u00bb#ffffff\u00bb background_color=\u00bb#0c71c3&#8243; background_size=\u00bbinitial\u00bb background_position=\u00bbtop_left\u00bb background_repeat=\u00bbrepeat\u00bb text_orientation=\u00bbcenter\u00bb background_layout=\u00bbdark\u00bb module_alignment=\u00bbcenter\u00bb border_width_all=\u00bb40px\u00bb border_color_all=\u00bb#0c71c3&#8243; border_style_all=\u00bbsolid\u00bb use_border_color=\u00bbon\u00bb border_color=\u00bb#0c71c3&#8243; border_width=\u00bb40px\u00bb border_style=\u00bbsolid\u00bb global_colors_info=\u00bb{}\u00bb]<\/p>\n<h2 style=\"text-align: center;\"><strong>PRECIO<\/strong><\/h2>\n<h2 style=\"text-align: center;\"><strong>355 euros<\/strong><\/h2>\n<h4 style=\"text-align: center;\">Suplemento habitaci\u00f3n individual: 96 \u20ac<\/h4>\n<p>[\/et_pb_text][\/et_pb_column][et_pb_column type=\u00bb1_3&#8243; _builder_version=\u00bb4.16&#8243; custom_padding=\u00bb|||\u00bb global_colors_info=\u00bb{}\u00bb custom_padding__hover=\u00bb|||\u00bb][et_pb_text admin_label=\u00bbIncluye Viaje \u00bb _builder_version=\u00bb4.17.4&#8243; background_size=\u00bbinitial\u00bb background_position=\u00bbtop_left\u00bb background_repeat=\u00bbrepeat\u00bb use_border_color=\u00bboff\u00bb border_color=\u00bb#ffffff\u00bb border_style=\u00bbsolid\u00bb global_colors_info=\u00bb{}\u00bb]<\/p>\n<p><strong>INCLUYE:<\/strong><\/p>\n<ul>\n<li>\n<p>Transporte en autob\u00fas gran turismo.<\/p>\n<\/li>\n<li>\n<p>Alojamiento HOTEL *** PC, agua y vino.<\/p>\n<\/li>\n<li>\n<p>Visitas con gu\u00edas oficiales.<\/p>\n<\/li>\n<li>\n<p>Entradas a monumentos especificados.<\/p>\n<\/li>\n<li>\n<p>Comida extra.<\/p>\n<\/li>\n<li>\n<p>Gu\u00eda acompa\u00f1ante.<\/p>\n<\/li>\n<li>\n<p>Seguro de viaje.<\/p>\n<\/li>\n<\/ul>\n<p>[\/et_pb_text][\/et_pb_column][et_pb_column type=\u00bb1_3&#8243; _builder_version=\u00bb4.16&#8243; custom_padding=\u00bb|||\u00bb global_colors_info=\u00bb{}\u00bb custom_padding__hover=\u00bb|||\u00bb][et_pb_text admin_label=\u00bbInfo y pago Viaje\u00bb _builder_version=\u00bb4.20.4&#8243; text_text_color=\u00bb#ffffff\u00bb background_color=\u00bb#0c71c3&#8243; background_size=\u00bbinitial\u00bb background_position=\u00bbtop_left\u00bb background_repeat=\u00bbrepeat\u00bb text_orientation=\u00bbcenter\u00bb background_layout=\u00bbdark\u00bb module_alignment=\u00bbcenter\u00bb hover_enabled=\u00bb0&#8243; border_width_all=\u00bb40px\u00bb border_color_all=\u00bb#0c71c3&#8243; border_style_all=\u00bbsolid\u00bb use_border_color=\u00bbon\u00bb border_color=\u00bb#0c71c3&#8243; border_width=\u00bb40px\u00bb border_style=\u00bbsolid\u00bb global_colors_info=\u00bb{}\u00bb sticky_enabled=\u00bb0&#8243;]<\/p>\n<h4 style=\"text-align: center;\">Informaci\u00f3n:<\/h4>\n<h4 style=\"text-align: center;\"><span style=\"font-size: 18px;\">Paisajeros<\/span><\/h4>\n<h4 style=\"text-align: center;\"><span style=\"font-size: 18px;\">656 238 334\u00a0<\/span><\/h4>\n<p style=\"text-align: center;\">[\/et_pb_text][\/et_pb_column][\/et_pb_row][\/et_pb_section]<\/p>\n","protected":false},"excerpt":{"rendered":"<p>VIAJE CULTURAL A VALENCIA VALENCIA, MUSEO LAS ARTES Y LAS CIENCIAS, MUSEO FALLERO, PALACIO DUCAL DE GANDIA, MONASTERIO DE EL PUIG Y ALCAL\u00c1 DEL J\u00daCAR (ALBACETE) &nbsp; Del 6 al 9 de JUNIO PRIMER D\u00cdA: 07:30 h: Salida en autob\u00fas gran turismo con parada para desayuno (no incluido). 13:00 h: Llegada al Hotel Valhotel Residencia [&hellip;]<\/p>\n","protected":false},"author":4,"featured_media":0,"parent":0,"menu_order":0,"comment_status":"closed","ping_status":"closed","template":"","meta":{"_et_pb_use_builder":"on","_et_pb_old_content":"","_et_gb_content_width":"","footnotes":""},"class_list":["post-610","page","type-page","status-publish","hentry"],"_links":{"self":[{"href":"https:\/\/viajesmayores.moralzarzal.es\/index.php\/wp-json\/wp\/v2\/pages\/610","targetHints":{"allow":["GET"]}}],"collection":[{"href":"https:\/\/viajesmayores.moralzarzal.es\/index.php\/wp-json\/wp\/v2\/pages"}],"about":[{"href":"https:\/\/viajesmayores.moralzarzal.es\/index.php\/wp-json\/wp\/v2\/types\/page"}],"author":[{"embeddable":true,"href":"https:\/\/viajesmayores.moralzarzal.es\/index.php\/wp-json\/wp\/v2\/users\/4"}],"replies":[{"embeddable":true,"href":"https:\/\/viajesmayores.moralzarzal.es\/index.php\/wp-json\/wp\/v2\/comments?post=610"}],"version-history":[{"count":12,"href":"https:\/\/viajesmayores.moralzarzal.es\/index.php\/wp-json\/wp\/v2\/pages\/610\/revisions"}],"predecessor-version":[{"id":849,"href":"https:\/\/viajesmayores.moralzarzal.es\/index.php\/wp-json\/wp\/v2\/pages\/610\/revisions\/849"}],"wp:attachment":[{"href":"https:\/\/viajesmayores.moralzarzal.es\/index.php\/wp-json\/wp\/v2\/media?parent=610"}],"curies":[{"name":"wp","href":"https:\/\/api.w.org\/{rel}","templated":true}]}}