{"id":581,"date":"2023-02-06T11:20:04","date_gmt":"2023-02-06T11:20:04","guid":{"rendered":"https:\/\/viajesmayores.moralzarzal.es\/?page_id=581"},"modified":"2024-02-06T13:40:59","modified_gmt":"2024-02-06T13:40:59","slug":"azores","status":"publish","type":"page","link":"https:\/\/viajesmayores.moralzarzal.es\/index.php\/azores\/","title":{"rendered":"Azores"},"content":{"rendered":"<p>[et_pb_section fb_built=\u00bb1&#8243; admin_label=\u00bbsection\u00bb _builder_version=\u00bb4.16&#8243; global_colors_info=\u00bb{}\u00bb][et_pb_row admin_label=\u00bbrow\u00bb _builder_version=\u00bb4.16&#8243; background_size=\u00bbinitial\u00bb background_position=\u00bbtop_left\u00bb background_repeat=\u00bbrepeat\u00bb global_colors_info=\u00bb{}\u00bb][et_pb_column type=\u00bb4_4&#8243; _builder_version=\u00bb4.16&#8243; custom_padding=\u00bb|||\u00bb global_colors_info=\u00bb{}\u00bb custom_padding__hover=\u00bb|||\u00bb][et_pb_image src=\u00bbhttps:\/\/viajesmayores.moralzarzal.es\/wp-content\/uploads\/2024\/02\/Azores_.jpg\u00bb alt=\u00bbImagen a\u00e9rea de Benidorm de noche\u00bb title_text=\u00bbAzores_\u00bb align=\u00bbcenter\u00bb force_fullwidth=\u00bbon\u00bb align_tablet=\u00bbcenter\u00bb align_phone=\u00bb\u00bb align_last_edited=\u00bbon|desktop\u00bb admin_label=\u00bbImagen Benidorm\u00bb _builder_version=\u00bb4.20.4&#8243; animation_style=\u00bbfade\u00bb animation_duration=\u00bb500ms\u00bb hover_enabled=\u00bb0&#8243; animation=\u00bbfade_in\u00bb sticky=\u00bboff\u00bb use_border_color=\u00bboff\u00bb border_color=\u00bb#ffffff\u00bb border_style=\u00bbsolid\u00bb always_center_on_mobile=\u00bbon\u00bb global_colors_info=\u00bb{}\u00bb sticky_enabled=\u00bb0&#8243;] [\/et_pb_image][\/et_pb_column][\/et_pb_row][et_pb_row admin_label=\u00bbrow\u00bb _builder_version=\u00bb4.16&#8243; background_size=\u00bbinitial\u00bb background_position=\u00bbtop_left\u00bb background_repeat=\u00bbrepeat\u00bb global_colors_info=\u00bb{}\u00bb][et_pb_column type=\u00bb4_4&#8243; _builder_version=\u00bb4.16&#8243; custom_padding=\u00bb|||\u00bb global_colors_info=\u00bb{}\u00bb custom_padding__hover=\u00bb|||\u00bb][et_pb_text admin_label=\u00bbTitulo Viaje Pe\u00f1\u00edscola\u00bb _builder_version=\u00bb4.17.4&#8243; background_size=\u00bbinitial\u00bb background_position=\u00bbtop_left\u00bb background_repeat=\u00bbrepeat\u00bb use_border_color=\u00bboff\u00bb border_color=\u00bb#ffffff\u00bb border_style=\u00bbsolid\u00bb global_colors_info=\u00bb{}\u00bb]<\/p>\n<h2><strong>AZORES<\/strong><\/h2>\n<h4>Pura naturaleza<\/h4>\n<p>&nbsp;<\/p>\n<h4>Del 28 de septiembre al 5 de octubre<\/h4>\n<p>[\/et_pb_text][et_pb_divider color=\u00bb#ffffff\u00bb disabled_on=\u00bbon|on|off\u00bb admin_label=\u00bbSeparador\u00bb _builder_version=\u00bb4.16&#8243; height=\u00bb2px\u00bb hide_on_mobile=\u00bbon\u00bb global_colors_info=\u00bb{}\u00bb] [\/et_pb_divider][\/et_pb_column][\/et_pb_row][et_pb_row column_structure=\u00bb1_3,1_3,1_3&#8243; admin_label=\u00bbFila\u00bb _builder_version=\u00bb4.16&#8243; background_size=\u00bbinitial\u00bb background_position=\u00bbtop_left\u00bb background_repeat=\u00bbrepeat\u00bb global_colors_info=\u00bb{}\u00bb][et_pb_column type=\u00bb1_3&#8243; _builder_version=\u00bb4.16&#8243; custom_padding=\u00bb|||\u00bb global_colors_info=\u00bb{}\u00bb custom_padding__hover=\u00bb|||\u00bb][et_pb_text admin_label=\u00bbPrecio Viaje \u00bb _builder_version=\u00bb4.20.4&#8243; text_text_color=\u00bb#ffffff\u00bb background_color=\u00bb#0c71c3&#8243; background_size=\u00bbinitial\u00bb background_position=\u00bbtop_left\u00bb background_repeat=\u00bbrepeat\u00bb text_orientation=\u00bbcenter\u00bb background_layout=\u00bbdark\u00bb module_alignment=\u00bbcenter\u00bb hover_enabled=\u00bb0&#8243; border_width_all=\u00bb40px\u00bb border_color_all=\u00bb#0c71c3&#8243; border_style_all=\u00bbsolid\u00bb use_border_color=\u00bbon\u00bb border_color=\u00bb#0c71c3&#8243; border_width=\u00bb40px\u00bb border_style=\u00bbsolid\u00bb global_colors_info=\u00bb{}\u00bb sticky_enabled=\u00bb0&#8243;]<\/p>\n<h2 style=\"text-align: center;\"><strong>PRECIO<\/strong><\/h2>\n<h2 style=\"text-align: center;\"><strong>1.470 \u20ac<\/strong><\/h2>\n<h4 style=\"text-align: center;\">Consultar suplemento por habitaci\u00f3n individual<\/h4>\n<p>[\/et_pb_text][\/et_pb_column][et_pb_column type=\u00bb1_3&#8243; _builder_version=\u00bb4.16&#8243; custom_padding=\u00bb|||\u00bb global_colors_info=\u00bb{}\u00bb custom_padding__hover=\u00bb|||\u00bb][et_pb_text admin_label=\u00bbIncluye Viaje \u00bb _builder_version=\u00bb4.17.4&#8243; background_size=\u00bbinitial\u00bb background_position=\u00bbtop_left\u00bb background_repeat=\u00bbrepeat\u00bb use_border_color=\u00bboff\u00bb border_color=\u00bb#ffffff\u00bb border_style=\u00bbsolid\u00bb global_colors_info=\u00bb{}\u00bb]<\/p>\n<p><strong>INCLUYE:<\/strong><\/p>\n<ul>\n<li>Vuelos directos de Iberia Madrid-Sao Miguel-Madrid.<\/li>\n<li>Transfer aeropuerto-hotel-aeropuerto en destino. Tasas de aeropuerto.<\/li>\n<li>R\u00e9gimen de pensi\u00f3n completa, seg\u00fan itinerario, en Hotel Vip Executive 4*.<\/li>\n<li>8 d\u00edas y 7 noches.<\/li>\n<li>2 almuerzos en restaurante zona Nordeste y zona Sete Cidades.<\/li>\n<li>Agua en las comidas.<\/li>\n<li>EXCURSI\u00d3N IMPRESCINDIBLE INCLUIDA: Visita Furnas d\u00eda completo con almuerzo incluido (valorado en 89 \u20ac).<\/li>\n<li>Gu\u00eda local en las visitas.<\/li>\n<li>Gu\u00eda Paisajeros desde origen.<\/li>\n<li>Seguro b\u00e1sico de viaje.<\/li>\n<\/ul>\n<p>[\/et_pb_text][et_pb_text _builder_version=\u00bb4.20.4&#8243; _module_preset=\u00bbdefault\u00bb hover_enabled=\u00bb0&#8243; sticky_enabled=\u00bb0&#8243;]<\/p>\n<p>Solicita programa completo.<br \/>Reserva ya con se\u00f1al de 100 \u20ac.<br \/>PLAZAS MUY LIMITADAS<\/p>\n<p>[\/et_pb_text][\/et_pb_column][et_pb_column type=\u00bb1_3&#8243; _builder_version=\u00bb4.16&#8243; custom_padding=\u00bb|||\u00bb global_colors_info=\u00bb{}\u00bb custom_padding__hover=\u00bb|||\u00bb][et_pb_text admin_label=\u00bbInfo y pago Viaje\u00bb _builder_version=\u00bb4.20.4&#8243; text_text_color=\u00bb#ffffff\u00bb background_color=\u00bb#0c71c3&#8243; background_size=\u00bbinitial\u00bb background_position=\u00bbtop_left\u00bb background_repeat=\u00bbrepeat\u00bb text_orientation=\u00bbcenter\u00bb background_layout=\u00bbdark\u00bb module_alignment=\u00bbcenter\u00bb hover_enabled=\u00bb0&#8243; border_width_all=\u00bb40px\u00bb border_color_all=\u00bb#0c71c3&#8243; border_style_all=\u00bbsolid\u00bb use_border_color=\u00bbon\u00bb border_color=\u00bb#0c71c3&#8243; border_width=\u00bb40px\u00bb border_style=\u00bbsolid\u00bb global_colors_info=\u00bb{}\u00bb sticky_enabled=\u00bb0&#8243;]<\/p>\n<h4 style=\"text-align: center;\">Informaci\u00f3n e inscripciones<\/h4>\n<h4 style=\"text-align: center;\">Paisajeros<\/h4>\n<h4 style=\"text-align: center;\">656 238 334<\/h4>\n<p style=\"text-align: center;\">[\/et_pb_text][\/et_pb_column][\/et_pb_row][\/et_pb_section]<\/p>\n","protected":false},"excerpt":{"rendered":"<p>AZORES Pura naturaleza &nbsp; Del 28 de septiembre al 5 de octubre PRECIO 1.470 \u20ac Consultar suplemento por habitaci\u00f3n individualINCLUYE: Vuelos directos de Iberia Madrid-Sao Miguel-Madrid. Transfer aeropuerto-hotel-aeropuerto en destino. Tasas de aeropuerto. R\u00e9gimen de pensi\u00f3n completa, seg\u00fan itinerario, en Hotel Vip Executive 4*. 8 d\u00edas y 7 noches. 2 almuerzos en restaurante zona Nordeste [&hellip;]<\/p>\n","protected":false},"author":4,"featured_media":0,"parent":0,"menu_order":0,"comment_status":"closed","ping_status":"closed","template":"","meta":{"_et_pb_use_builder":"on","_et_pb_old_content":"","_et_gb_content_width":"","footnotes":""},"class_list":["post-581","page","type-page","status-publish","hentry"],"_links":{"self":[{"href":"https:\/\/viajesmayores.moralzarzal.es\/index.php\/wp-json\/wp\/v2\/pages\/581","targetHints":{"allow":["GET"]}}],"collection":[{"href":"https:\/\/viajesmayores.moralzarzal.es\/index.php\/wp-json\/wp\/v2\/pages"}],"about":[{"href":"https:\/\/viajesmayores.moralzarzal.es\/index.php\/wp-json\/wp\/v2\/types\/page"}],"author":[{"embeddable":true,"href":"https:\/\/viajesmayores.moralzarzal.es\/index.php\/wp-json\/wp\/v2\/users\/4"}],"replies":[{"embeddable":true,"href":"https:\/\/viajesmayores.moralzarzal.es\/index.php\/wp-json\/wp\/v2\/comments?post=581"}],"version-history":[{"count":10,"href":"https:\/\/viajesmayores.moralzarzal.es\/index.php\/wp-json\/wp\/v2\/pages\/581\/revisions"}],"predecessor-version":[{"id":877,"href":"https:\/\/viajesmayores.moralzarzal.es\/index.php\/wp-json\/wp\/v2\/pages\/581\/revisions\/877"}],"wp:attachment":[{"href":"https:\/\/viajesmayores.moralzarzal.es\/index.php\/wp-json\/wp\/v2\/media?parent=581"}],"curies":[{"name":"wp","href":"https:\/\/api.w.org\/{rel}","templated":true}]}}