{"id":119,"date":"2018-02-13T11:00:56","date_gmt":"2018-02-13T11:00:56","guid":{"rendered":"http:\/\/viajesmayores.moralzarzal.es\/?page_id=119"},"modified":"2024-02-12T13:05:01","modified_gmt":"2024-02-12T13:05:01","slug":"condiciones","status":"publish","type":"page","link":"https:\/\/viajesmayores.moralzarzal.es\/index.php\/condiciones\/","title":{"rendered":"Condiciones"},"content":{"rendered":"<p>[et_pb_section fb_built=\u00bb1&#8243; admin_label=\u00bbsection\u00bb _builder_version=\u00bb4.16&#8243; global_colors_info=\u00bb{}\u00bb][et_pb_row admin_label=\u00bbrow\u00bb _builder_version=\u00bb4.16&#8243; background_size=\u00bbinitial\u00bb background_position=\u00bbtop_left\u00bb background_repeat=\u00bbrepeat\u00bb global_colors_info=\u00bb{}\u00bb][et_pb_column type=\u00bb4_4&#8243; _builder_version=\u00bb4.16&#8243; custom_padding=\u00bb|||\u00bb global_colors_info=\u00bb{}\u00bb custom_padding__hover=\u00bb|||\u00bb][et_pb_text admin_label=\u00bbTitulo Condiciones\u00bb _builder_version=\u00bb4.16&#8243; background_size=\u00bbinitial\u00bb background_position=\u00bbtop_left\u00bb background_repeat=\u00bbrepeat\u00bb use_border_color=\u00bboff\u00bb border_color=\u00bb#ffffff\u00bb border_style=\u00bbsolid\u00bb global_colors_info=\u00bb{}\u00bb]<\/p>\n<h2>REGULACI\u00d3N PARA LOS VIAJES DE MAYORES<\/h2>\n<p>[\/et_pb_text][et_pb_text admin_label=\u00bbTexto Condiciones\u00bb _builder_version=\u00bb4.17.4&#8243; background_size=\u00bbinitial\u00bb background_position=\u00bbtop_left\u00bb background_repeat=\u00bbrepeat\u00bb use_border_color=\u00bboff\u00bb border_color=\u00bb#ffffff\u00bb border_style=\u00bbsolid\u00bb global_colors_info=\u00bb{}\u00bb]<\/p>\n<p>&nbsp;<\/p>\n<p>Para acceder a los viajes que organiza el \u00c1rea de Mayores de Moralzarzal se necesita:<br \/>1) Ser mayor de 60 a\u00f1os. <br \/>1.1 Los usuarios podr\u00e1n ir acompa\u00f1ados de su c\u00f3nyuge, pareja de hecho o persona con la que se constituye una uni\u00f3n estable y de convivencia con an\u00e1loga relaci\u00f3n a la conyugal, sin necesidad de que estos re\u00fanan alguno de los requisitos exigidos en el punto 1.<\/p>\n<p>2) Estar en plenas facultades para poder acceder a todas las actividades que cada uno de los destinos ofrece. <br \/>2.1 En caso de necesitar asistencia, el mayor podr\u00e1 ir acompa\u00f1ado siempre y cuando esto no dificulte el normal desarrollo del viaje.<br \/>2.2 El acompa\u00f1ante no tiene m\u00e1s requisito que el de ser responsable del mayor al que acompa\u00f1a, ser mayor de edad y abonar el coste del viaje.<\/p>\n<p>3) Inscribirse en tiempo y forma a los viajes y haber pagado las tasas correspondientes para cada viaje.<\/p>\n<p><strong>INSCRIPCIONES:<\/strong><br \/>La inscripci\u00f3n a los viajes se realizar\u00e1 de forma telef\u00f3nica en el n\u00famero 656 23 83 34 (agencia Paisajeros).<\/p>\n<p>Los viajes ser\u00e1n programados para grupos de entre 40 y 50 personas. Menos personas puede implicar que el viaje no se haga y m\u00e1s personas podr\u00e1 implicar que las \u00faltimas en apuntarse pasar\u00e1n a una lista de espera que se abrir\u00e1 al terminar la jornada del pago de entrada o pago del viaje.<\/p>\n<p>La inscripci\u00f3n a un viaje en el per\u00edodo previsto implica la reserva de plaza y la posici\u00f3n num\u00e9rica en la que se proceder\u00e1 a la reserva de sitio en el autocar u otro medio de transporte que se utilice. Una vez se constate que el viaje es viable por haber los suficientes inscritos para \u00e9ste, se abrir\u00e1 el per\u00edodo de pago de la se\u00f1al para confirmar la plaza.<\/p>\n<p><strong>PAGO DE SE\u00d1AL o PAGO TOTAL DEL VIAJE<\/strong>:<br \/>El pago de se\u00f1al o el pago total del viaje, si se hace en una sola vez, implica la confirmaci\u00f3n de asistencia al mismo, salvo causa justificada. Se dar\u00e1 un d\u00eda y hora en el que hacer el pago de dicha se\u00f1al.<\/p>\n<p>Se atender\u00e1 a todos los inscritos por su orden de inscripci\u00f3n, llamando lista seg\u00fan se hayan inscrito. Una vez hecho el pago y respetando el mismo orden, cada uno podr\u00e1 escoger su lugar en el autocar u otro medio de transporte elegido para el viaje.<\/p>\n<p>Los asientos se adjudicar\u00e1n por parejas, es decir, de dos en dos. En el caso de existir personas que viajen solas, se ir\u00e1n acoplando a los huecos que hayan quedado libres seg\u00fan el orden de pago.<\/p>\n<p>Quien, a pesar de estar inscrito, se presente fuera de la hora indicada para el inicio del pago y hubiera sido llamado sin estar presente, tendr\u00e1 que esperar al final de las inscripciones de los restantes asistentes.<\/p>\n<p>Quien teniendo una plaza en el viaje por haberse inscrito a tiempo no abone el pago en el per\u00edodo establecido para ello, pasar\u00e1 autom\u00e1ticamente al final de la lista de espera.<\/p>\n<p><strong>LISTA DE ESPERA<\/strong><br \/>Una vez cerrado el plazo de pago del viaje y quedando plazas libres, se abrir\u00e1 la lista de espera, siempre en orden de inscripci\u00f3n y hasta donde queden plazas. Estar en una lista de espera no implica en ning\u00fan caso acceder al viaje.<\/p>\n<p>En el caso de que la lista de espera duplique la cantidad de plazas para el viaje, se propondr\u00e1 a la agencia repetir el viaje en un per\u00edodo de tiempo razonable, pero en ning\u00fan caso se llevar\u00e1n dos grupos al mismo tiempo.<\/p>\n<p><strong>OTRAS SITUACIONES<\/strong><br \/>a) Cualquier situaci\u00f3n que se genere en relaci\u00f3n a los viajes que no est\u00e9 contemplada en esta regulaci\u00f3n se solucionar\u00e1 siempre de manera acorde al orden de inscripci\u00f3n y nunca por sorteo.<\/p>\n<p>b) Las condiciones particulares para cada uno de los viajes ser\u00e1n aquellas que la Agencia organizadora del mismo tenga establecidas para \u00e9stos. Los asistentes se sujetar\u00e1n a todo lo previsto en ellas, adem\u00e1s de lo contenido en la presente regulaci\u00f3n.<\/p>\n<p>[\/et_pb_text][\/et_pb_column][\/et_pb_row][\/et_pb_section]<\/p>\n","protected":false},"excerpt":{"rendered":"<p>REGULACI\u00d3N PARA LOS VIAJES DE MAYORES &nbsp; Para acceder a los viajes que organiza el \u00c1rea de Mayores de Moralzarzal se necesita:1) Ser mayor de 60 a\u00f1os. 1.1 Los usuarios podr\u00e1n ir acompa\u00f1ados de su c\u00f3nyuge, pareja de hecho o persona con la que se constituye una uni\u00f3n estable y de convivencia con an\u00e1loga relaci\u00f3n [&hellip;]<\/p>\n","protected":false},"author":2,"featured_media":0,"parent":0,"menu_order":0,"comment_status":"closed","ping_status":"closed","template":"","meta":{"_et_pb_use_builder":"on","_et_pb_old_content":"","_et_gb_content_width":"","footnotes":""},"class_list":["post-119","page","type-page","status-publish","hentry"],"_links":{"self":[{"href":"https:\/\/viajesmayores.moralzarzal.es\/index.php\/wp-json\/wp\/v2\/pages\/119","targetHints":{"allow":["GET"]}}],"collection":[{"href":"https:\/\/viajesmayores.moralzarzal.es\/index.php\/wp-json\/wp\/v2\/pages"}],"about":[{"href":"https:\/\/viajesmayores.moralzarzal.es\/index.php\/wp-json\/wp\/v2\/types\/page"}],"author":[{"embeddable":true,"href":"https:\/\/viajesmayores.moralzarzal.es\/index.php\/wp-json\/wp\/v2\/users\/2"}],"replies":[{"embeddable":true,"href":"https:\/\/viajesmayores.moralzarzal.es\/index.php\/wp-json\/wp\/v2\/comments?post=119"}],"version-history":[{"count":4,"href":"https:\/\/viajesmayores.moralzarzal.es\/index.php\/wp-json\/wp\/v2\/pages\/119\/revisions"}],"predecessor-version":[{"id":923,"href":"https:\/\/viajesmayores.moralzarzal.es\/index.php\/wp-json\/wp\/v2\/pages\/119\/revisions\/923"}],"wp:attachment":[{"href":"https:\/\/viajesmayores.moralzarzal.es\/index.php\/wp-json\/wp\/v2\/media?parent=119"}],"curies":[{"name":"wp","href":"https:\/\/api.w.org\/{rel}","templated":true}]}}